{"id":17,"date":"2022-04-12T09:24:20","date_gmt":"2022-04-12T09:24:20","guid":{"rendered":"https:\/\/kletterstein.com\/?page_id=17"},"modified":"2022-06-14T07:54:29","modified_gmt":"2022-06-14T07:54:29","slug":"contact","status":"publish","type":"page","link":"https:\/\/kletterstein.com\/fr\/contact\/","title":{"rendered":"Contacter"},"content":{"rendered":"<div id=\"fws_69e4c7042dada\"  data-column-margin=\"default\" data-midnight=\"dark\" data-top-percent=\"6%\"  class=\"wpb_row vc_row-fluid vc_row full-width-section  zindex-set\"  style=\"padding-top: calc(100vw * 0.06); padding-bottom: 0px;  z-index: 100;\"><div class=\"row-bg-wrap\" data-bg-animation=\"none\" data-bg-animation-delay=\"\" data-bg-overlay=\"false\"><div class=\"inner-wrap row-bg-layer\" ><div class=\"row-bg viewport-desktop using-bg-color\"  style=\"background-color: #0e3443; \"><\/div><\/div><\/div><div class=\"row_col_wrap_12 col span_12 dark left\">\n\t<div  class=\"vc_col-sm-12 wpb_column column_container vc_column_container col no-extra-padding inherit_tablet inherit_phone\"  data-padding-pos=\"all\" data-has-bg-color=\"false\" data-bg-color=\"\" data-bg-opacity=\"1\" data-animation=\"\" data-delay=\"0\" >\n\t\t<div class=\"vc_column-inner\" >\n\t\t\t<div class=\"wpb_wrapper\">\n\t\t\t\t<div id=\"fws_69e4c7042e328\" data-midnight=\"\" data-column-margin=\"default\" class=\"wpb_row vc_row-fluid vc_row inner_row\"  style=\"\"><div class=\"row-bg-wrap\"> <div class=\"row-bg\" ><\/div> <\/div><div class=\"row_col_wrap_12_inner col span_12  left\">\n\t<div  class=\"vc_col-sm-6 wpb_column column_container vc_column_container col child_column no-extra-padding top_margin_phone_50px inherit_tablet inherit_phone\"   data-padding-pos=\"all\" data-has-bg-color=\"false\" data-bg-color=\"\" data-bg-opacity=\"1\" data-animation=\"\" data-delay=\"0\" >\n\t\t<div class=\"vc_column-inner\" >\n\t\t<div class=\"wpb_wrapper\">\n\t\t\t<h2 style=\"font-size: 60px;color: #ffffff;text-align: left\" class=\"vc_custom_heading vc_do_custom_heading titelbov\" >Travaillons ensemble<\/h2><div class=\"divider-wrap\" data-alignment=\"default\"><div style=\"height: 35px;\" class=\"divider\"><\/div><\/div><div class=\"iwithtext\"><div class=\"iwt-icon\"> <i class=\"icon-default-style fa fa-envelope extra-color-1\"><\/i> <\/div><div class=\"iwt-text\"> <span style=\"text-decoration: underline;\"><span style=\"color: #ffffff;\"><a style=\"color: #ffffff; text-decoration: underline;\" href=\"mailto:informatie@kletterstein.com\">informatie@kletterstein.com<\/a><\/span><\/span> <\/div><div class=\"clear\"><\/div><\/div><div class=\"divider-wrap\" data-alignment=\"default\"><div style=\"height: 35px;\" class=\"divider\"><\/div><\/div><div class=\"iwithtext\"><div class=\"iwt-icon\"> <i class=\"icon-default-style fa fa-phone extra-color-1\"><\/i> <\/div><div class=\"iwt-text\"> <span style=\"color: #ffffff;\"><a style=\"color: #ffffff;\" href=\"tel:0344631253\" data-type=\"tel\" data-id=\"tel:+31682629245\">G\u00e9n\u00e9ral <span style=\"text-decoration: underline;\">0344-631253<\/span><\/a><\/span><\/p>\n<p><span style=\"color: #ffffff;\">Yan Wolff: +<a style=\"color: #ffffff;\" href=\"tel:+31653255987\" data-type=\"tel\" data-id=\"tel:+31682629245\"><span style=\"text-decoration: underline;\">316-53255987<\/span><\/a><\/span> <\/div><div class=\"clear\"><\/div><\/div><div class=\"divider-wrap\" data-alignment=\"default\"><div style=\"height: 35px;\" class=\"divider\"><\/div><\/div><div class=\"iwithtext\"><div class=\"iwt-icon\"> <i class=\"icon-default-style fa fa-map-marker extra-color-1\"><\/i> <\/div><div class=\"iwt-text\"> <span style=\"color: #ffffff;\"><a style=\"color: #ffffff;\" href=\"https:\/\/goo.gl\/maps\/svcfvs54gt4tzojg7\" target=\"_blank\" rel=\"noreferrer noopener\" data-type=\"URL\" data-id=\"https:\/\/goo.gl\/maps\/svcfvs54gt4tzojg7\">Wattstraat 6<br \/>\n4004 JS, Tiel<br \/>\nles Pays-Bas<\/a><\/span> <\/div><div class=\"clear\"><\/div><\/div><div class=\"divider-wrap\" data-alignment=\"default\"><div style=\"height: 35px;\" class=\"divider\"><\/div><\/div><div class=\"iwithtext\"><div class=\"iwt-icon\"> <i class=\"icon-default-style steadysets-icon-users2 extra-color-1\"><\/i> <\/div><div class=\"iwt-text\"> <span style=\"color: #ffffff;\">KVK: 86268376<\/span> <\/div><div class=\"clear\"><\/div><\/div><div class=\"divider-wrap height_phone_30px\" data-alignment=\"default\"><div style=\"height: 0px;\" class=\"divider\"><\/div><\/div>\n\t\t<\/div> \n\t<\/div>\n\t<\/div> \n\n\t<div style=\"margin-bottom: -10%; \" class=\"vc_col-sm-6 wpb_column column_container vc_column_container col child_column has-animation padding-5-percent inherit_tablet inherit_phone\"  data-using-bg=\"true\" data-padding-pos=\"all\" data-has-bg-color=\"true\" data-bg-color=\"#ffffff\" data-bg-opacity=\"1\" data-animation=\"fade-in-from-bottom\" data-delay=\"0\" >\n\t\t<div class=\"vc_column-inner\" ><div class=\"column-bg-overlay-wrap column-bg-layer\" data-bg-animation=\"none\"><div class=\"column-bg-overlay\" style=\"opacity: 1; background-color: #ffffff;\"><\/div><\/div>\n\t\t<div class=\"wpb_wrapper\">\n\t\t\t\n<div class=\"wpcf7 no-js\" id=\"wpcf7-f125-o1\" lang=\"en-US\" dir=\"ltr\" data-wpcf7-id=\"125\">\n<div class=\"screen-reader-response\"><p role=\"status\" aria-live=\"polite\" aria-atomic=\"true\"><\/p> <ul><\/ul><\/div>\n<form action=\"\/fr\/wp-json\/wp\/v2\/pages\/17#wpcf7-f125-o1\" method=\"post\" class=\"wpcf7-form init\" aria-label=\"Contact form\" novalidate=\"novalidate\" data-status=\"init\" data-trp-original-action=\"\/fr\/wp-json\/wp\/v2\/pages\/17#wpcf7-f125-o1\">\n<fieldset class=\"hidden-fields-container\"><input type=\"hidden\" name=\"_wpcf7\" value=\"125\" \/><input type=\"hidden\" name=\"_wpcf7_version\" value=\"6.1.5\" \/><input type=\"hidden\" name=\"_wpcf7_locale\" value=\"en_US\" \/><input type=\"hidden\" name=\"_wpcf7_unit_tag\" value=\"wpcf7-f125-o1\" \/><input type=\"hidden\" name=\"_wpcf7_container_post\" value=\"0\" \/><input type=\"hidden\" name=\"_wpcf7_posted_data_hash\" value=\"\" \/><input type=\"hidden\" name=\"_uacf7_hidden_conditional_fields\" value=\"\" \/>\n<\/fieldset>\n<div class=\"uacf7-form-wrapper-container uacf7-form-125\"><div class=\"uacf7-row\"><div class=\"uacf7-col-6\"><label> Pr\u00e9nom\n    <span class=\"wpcf7-form-control-wrap\" data-name=\"voornaam\"><input size=\"40\" maxlength=\"400\" class=\"wpcf7-form-control wpcf7-text wpcf7-validates-as-required\" aria-required=\"true\" aria-invalid=\"false\" value=\"\" type=\"text\" name=\"voornaam\" \/><\/span> <\/label> <\/div><div class=\"uacf7-col-6\"> <label> Nom de famille\n    <span class=\"wpcf7-form-control-wrap\" data-name=\"achternaam\"><input size=\"40\" maxlength=\"400\" class=\"wpcf7-form-control wpcf7-text wpcf7-validates-as-required\" aria-required=\"true\" aria-invalid=\"false\" value=\"\" type=\"text\" name=\"achternaam\" \/><\/span> <\/label> <\/div><\/div>\n\n<label> Soci\u00e9t\u00e9\n    <span class=\"wpcf7-form-control-wrap\" data-name=\"bedrijf\"><input size=\"40\" maxlength=\"400\" class=\"wpcf7-form-control wpcf7-text wpcf7-validates-as-required\" aria-required=\"true\" aria-invalid=\"false\" value=\"\" type=\"text\" name=\"bedrijf\" \/><\/span> <\/label>\n\n<div class=\"uacf7-row\"><div class=\"uacf7-col-6\"><label> Adresse e-mail\n    <span class=\"wpcf7-form-control-wrap\" data-name=\"your-email\"><input size=\"40\" maxlength=\"400\" class=\"wpcf7-form-control wpcf7-email wpcf7-validates-as-required wpcf7-text wpcf7-validates-as-email\" aria-required=\"true\" aria-invalid=\"false\" value=\"\" type=\"email\" name=\"your-email\" \/><\/span> <\/label><\/div><div class=\"uacf7-col-6\"> <label> num\u00e9ro de t\u00e9l\u00e9phone\n    <span class=\"wpcf7-form-control-wrap\" data-name=\"telefoonnummer\"><input size=\"40\" maxlength=\"400\" class=\"wpcf7-form-control wpcf7-tel wpcf7-validates-as-required wpcf7-text wpcf7-validates-as-tel\" aria-required=\"true\" aria-invalid=\"false\" value=\"\" type=\"tel\" name=\"telefoonnummer\" \/><\/span> <\/label> <\/div><\/div>\n<span id=\"wpcf7-69e4c704307b1-wrapper\" class=\"wpcf7-form-control-wrap email-906-wrap\" style=\"display:none !important; visibility:hidden !important;\"><label for=\"wpcf7-69e4c704307b1-field\" class=\"hp-message\">Please leave this field empty.<\/label><input id=\"wpcf7-69e4c704307b1-field\"  class=\"wpcf7-form-control wpcf7-text\" type=\"text\" name=\"email-906\" value=\"\" size=\"40\" tabindex=\"-1\" autocomplete=\"new-password\" \/><\/span>\n<label> Mati\u00e8re\n    <span class=\"wpcf7-form-control-wrap\" data-name=\"your-subject\"><input size=\"40\" maxlength=\"400\" class=\"wpcf7-form-control wpcf7-text wpcf7-validates-as-required\" aria-required=\"true\" aria-invalid=\"false\" value=\"\" type=\"text\" name=\"your-subject\" \/><\/span> <\/label>\n\n<label> Message\n    <span class=\"wpcf7-form-control-wrap\" data-name=\"your-message\"><textarea cols=\"40\" rows=\"10\" maxlength=\"2000\" class=\"wpcf7-form-control wpcf7-textarea\" aria-invalid=\"false\" name=\"your-message\"><\/textarea><\/span> <\/label>\n\n<input class=\"wpcf7-form-control wpcf7-submit has-spinner\" type=\"submit\" value=\"EXP\u00c9DIER\" \/><\/div><div class=\"wpcf7-response-output\" aria-hidden=\"true\"><\/div>\n<input type=\"hidden\" name=\"trp-form-language\" value=\"fr\"\/><\/form>\n<\/div>\n\n\t\t<\/div> \n\t<\/div>\n\t<\/div> \n<\/div><\/div>\n\t\t\t<\/div> \n\t\t<\/div>\n\t<\/div> \n<\/div><\/div>\n\t\t<div id=\"fws_69e4c70431984\"  data-column-margin=\"default\" data-midnight=\"light\" data-top-percent=\"15%\" data-bottom-percent=\"15%\"  class=\"wpb_row vc_row-fluid vc_row full-width-section  top_padding_phone_100px bottom_padding_phone_150px\"  style=\"padding-top: calc(100vw * 0.15); padding-bottom: calc(100vw * 0.15); \"><div class=\"row-bg-wrap\" data-bg-animation=\"none\" data-bg-animation-delay=\"\" data-bg-overlay=\"false\"><div class=\"inner-wrap row-bg-layer using-image\" ><div class=\"row-bg viewport-desktop using-image using-bg-color\"  style=\"background-image: url(https:\/\/kletterstein.com\/wp-content\/uploads\/2022\/05\/20220402_1338jg-_1.jpg); background-position: center center; background-repeat: no-repeat; background-color: #1e73be; \"><\/div><\/div><\/div><div class=\"row_col_wrap_12 col span_12 light left\">\n\t<div  class=\"vc_col-sm-12 wpb_column column_container vc_column_container col has-animation no-extra-padding inherit_tablet inherit_phone\"  data-padding-pos=\"all\" data-has-bg-color=\"false\" data-bg-color=\"\" data-bg-opacity=\"1\" data-animation=\"fade-in-from-bottom\" data-delay=\"0\" >\n\t\t<div class=\"vc_column-inner\" >\n\t\t\t<div class=\"wpb_wrapper\">\n\t\t\t\t<div class=\"testimonial_slider span_12 col\" data-color=\"\" data-rating-color=\"accent-color\" data-controls=\"default\" data-add-border=\"\" data-autorotate=\"9000\" data-style=\"minimal\" ><div class=\"slides\"><blockquote> <div data-shadow=\"\" class=\"image-icon has-bg\" style=\"background-image: url(https:\/\/kletterstein.com\/wp-content\/uploads\/2022\/05\/Logo_Land_van_Fluwel-300x300.jpg);\">&#8220;<\/div> <p><span class=\"open-quote\">&#8220;<\/span>Enfin, nous avons pu \u00e9tendre notre paradis de l'aventure Land van Fluwel avec une aventure innovante qui se distingue vraiment. Les pierres d'escalade Kletterstein sont grandioses, innovantes et stimulantes pour tous les \u00e2ges. Un avantage suppl\u00e9mentaire, non n\u00e9gligeable, est la mani\u00e8re agr\u00e9able de travailler ensemble et l'attention personnelle pour faire de notre nouveau pays d'escalade Keikop quelque chose d'unique.<span class=\"close-quote\">&#8221;<\/span> <span role=\"none\" class=\"bottom-arrow\"><\/span><\/p><span class=\"testimonial-name\">Land van Fluwel<\/span><span class=\"title\">Kees Vriend<\/span><\/blockquote><blockquote> <div data-shadow=\"\" class=\"image-icon has-bg\" style=\"background-image: url(https:\/\/kletterstein.com\/wp-content\/uploads\/2022\/04\/Schermafbeelding-2022-04-14-102847-300x238.png);\">&#8220;<\/div> <p><span class=\"open-quote\">&#8220;<\/span>L'\u00e9quipe Kletterstein a fait un excellent travail de conception et d'ex\u00e9cution du th\u00e8me.<br \/>\nIls ont \u00e9galement pu donner vie \u00e0 la mascotte !<span class=\"close-quote\">&#8221;<\/span> <span role=\"none\" class=\"bottom-arrow\"><\/span><\/p><span class=\"testimonial-name\">Duinoord<\/span><span class=\"title\"><\/span><\/blockquote><\/div><\/div>\n\t\t\t<\/div> \n\t\t<\/div>\n\t<\/div> \n<\/div><\/div>\n\t\t<div id=\"fws_69e4c70432b03\"  data-column-margin=\"default\" data-midnight=\"dark\"  class=\"wpb_row vc_row-fluid vc_row full-width-section rijonder top_margin_-300px\"  style=\"padding-top: 0px; padding-bottom: 0px; \"><div class=\"row-bg-wrap\" data-bg-animation=\"none\" data-bg-animation-delay=\"\" data-bg-overlay=\"false\"><div class=\"inner-wrap row-bg-layer using-image\" ><div class=\"row-bg viewport-desktop using-image\"  style=\"background-image: url(https:\/\/kletterstein.com\/wp-content\/uploads\/2022\/05\/Footer-Icons1.svg); background-position: center bottom; background-repeat: no-repeat; \"><\/div><\/div><\/div><div class=\"row_col_wrap_12 col span_12 dark left\">\n\t<div  class=\"vc_col-sm-12 wpb_column column_container vc_column_container col no-extra-padding inherit_tablet inherit_phone\"  data-padding-pos=\"all\" data-has-bg-color=\"false\" data-bg-color=\"\" data-bg-opacity=\"1\" data-animation=\"\" data-delay=\"0\" >\n\t\t<div class=\"vc_column-inner\" >\n\t\t\t<div class=\"wpb_wrapper\">\n\t\t\t\t<div class=\"divider-wrap\" data-alignment=\"default\"><div style=\"height: 300px;\" class=\"divider\"><\/div><\/div>\n\t\t\t<\/div> \n\t\t<\/div>\n\t<\/div> \n<\/div><\/div>","protected":false},"excerpt":{"rendered":"Laten we samenwerken informatie@kletterstein.com Algemeen: 0344-631253 Yan Wolff: +316-53255987 Wattstraat 6 4004 JS, Tiel Nederland KVK: 86268376 Voornaam Achternaam Bedrijf E-mailadres Telefoonnummer Please leave this field empty. Onderwerp Bericht &#8220;...","protected":false},"author":2,"featured_media":0,"parent":0,"menu_order":0,"comment_status":"closed","ping_status":"closed","template":"","meta":{"inline_featured_image":false,"footnotes":""},"class_list":["post-17","page","type-page","status-publish"],"yoast_head":"<!-- This site is optimized with the Yoast SEO plugin v27.1.1 - https:\/\/yoast.com\/product\/yoast-seo-wordpress\/ -->\n<title>Contact - Kletterstein<\/title>\n<meta name=\"robots\" content=\"index, follow, max-snippet:-1, max-image-preview:large, max-video-preview:-1\" \/>\n<link rel=\"canonical\" href=\"https:\/\/kletterstein.com\/fr\/contact\/\" \/>\n<meta property=\"og:locale\" content=\"fr_FR\" \/>\n<meta property=\"og:type\" content=\"article\" \/>\n<meta property=\"og:title\" content=\"Contact - Kletterstein\" \/>\n<meta property=\"og:url\" content=\"https:\/\/kletterstein.com\/fr\/contact\/\" \/>\n<meta property=\"og:site_name\" content=\"Kletterstein\" \/>\n<meta property=\"article:modified_time\" content=\"2022-06-14T07:54:29+00:00\" \/>\n<meta name=\"twitter:card\" content=\"summary_large_image\" \/>\n<meta name=\"twitter:label1\" content=\"Dur\u00e9e de lecture estim\u00e9e\" \/>\n\t<meta name=\"twitter:data1\" content=\"2 minutes\" \/>\n<script type=\"application\/ld+json\" class=\"yoast-schema-graph\">{\"@context\":\"https:\/\/schema.org\",\"@graph\":[{\"@type\":\"WebPage\",\"@id\":\"https:\/\/kletterstein.com\/contact\/\",\"url\":\"https:\/\/kletterstein.com\/contact\/\",\"name\":\"Contact - Kletterstein\",\"isPartOf\":{\"@id\":\"https:\/\/kletterstein.com\/nl\/#website\"},\"datePublished\":\"2022-04-12T09:24:20+00:00\",\"dateModified\":\"2022-06-14T07:54:29+00:00\",\"breadcrumb\":{\"@id\":\"https:\/\/kletterstein.com\/contact\/#breadcrumb\"},\"inLanguage\":\"fr-FR\",\"potentialAction\":[{\"@type\":\"ReadAction\",\"target\":[\"https:\/\/kletterstein.com\/contact\/\"]}]},{\"@type\":\"BreadcrumbList\",\"@id\":\"https:\/\/kletterstein.com\/contact\/#breadcrumb\",\"itemListElement\":[{\"@type\":\"ListItem\",\"position\":1,\"name\":\"Home\",\"item\":\"https:\/\/kletterstein.com\/\"},{\"@type\":\"ListItem\",\"position\":2,\"name\":\"Contact\"}]},{\"@type\":\"WebSite\",\"@id\":\"https:\/\/kletterstein.com\/nl\/#website\",\"url\":\"https:\/\/kletterstein.com\/nl\/\",\"name\":\"Kletterstein\",\"description\":\"Keileuk natuurlijk\",\"publisher\":{\"@id\":\"https:\/\/kletterstein.com\/nl\/#organization\"},\"potentialAction\":[{\"@type\":\"SearchAction\",\"target\":{\"@type\":\"EntryPoint\",\"urlTemplate\":\"https:\/\/kletterstein.com\/nl\/?s={search_term_string}\"},\"query-input\":{\"@type\":\"PropertyValueSpecification\",\"valueRequired\":true,\"valueName\":\"search_term_string\"}}],\"inLanguage\":\"fr-FR\"},{\"@type\":\"Organization\",\"@id\":\"https:\/\/kletterstein.com\/nl\/#organization\",\"name\":\"Kletterstein\",\"url\":\"https:\/\/kletterstein.com\/nl\/\",\"logo\":{\"@type\":\"ImageObject\",\"inLanguage\":\"fr-FR\",\"@id\":\"https:\/\/kletterstein.com\/nl\/#\/schema\/logo\/image\/\",\"url\":\"https:\/\/i0.wp.com\/kletterstein.com\/wp-content\/uploads\/2022\/05\/KletterStein-Logo_Final.png?fit=2734%2C1226&ssl=1\",\"contentUrl\":\"https:\/\/i0.wp.com\/kletterstein.com\/wp-content\/uploads\/2022\/05\/KletterStein-Logo_Final.png?fit=2734%2C1226&ssl=1\",\"width\":2734,\"height\":1226,\"caption\":\"Kletterstein\"},\"image\":{\"@id\":\"https:\/\/kletterstein.com\/nl\/#\/schema\/logo\/image\/\"},\"sameAs\":[\"https:\/\/www.instagram.com\/klimsteen_kletterstein\/\"]}]}<\/script>\n<!-- \/ Yoast SEO plugin. -->","yoast_head_json":{"title":"Contact - Kletterstein","robots":{"index":"index","follow":"follow","max-snippet":"max-snippet:-1","max-image-preview":"max-image-preview:large","max-video-preview":"max-video-preview:-1"},"canonical":"https:\/\/kletterstein.com\/fr\/contact\/","og_locale":"fr_FR","og_type":"article","og_title":"Contact - Kletterstein","og_url":"https:\/\/kletterstein.com\/fr\/contact\/","og_site_name":"Kletterstein","article_modified_time":"2022-06-14T07:54:29+00:00","twitter_card":"summary_large_image","twitter_misc":{"Dur\u00e9e de lecture estim\u00e9e":"2 minutes"},"schema":{"@context":"https:\/\/schema.org","@graph":[{"@type":"WebPage","@id":"https:\/\/kletterstein.com\/contact\/","url":"https:\/\/kletterstein.com\/contact\/","name":"Contact - Kletterstein","isPartOf":{"@id":"https:\/\/kletterstein.com\/nl\/#website"},"datePublished":"2022-04-12T09:24:20+00:00","dateModified":"2022-06-14T07:54:29+00:00","breadcrumb":{"@id":"https:\/\/kletterstein.com\/contact\/#breadcrumb"},"inLanguage":"fr-FR","potentialAction":[{"@type":"ReadAction","target":["https:\/\/kletterstein.com\/contact\/"]}]},{"@type":"BreadcrumbList","@id":"https:\/\/kletterstein.com\/contact\/#breadcrumb","itemListElement":[{"@type":"ListItem","position":1,"name":"Home","item":"https:\/\/kletterstein.com\/"},{"@type":"ListItem","position":2,"name":"Contact"}]},{"@type":"WebSite","@id":"https:\/\/kletterstein.com\/nl\/#website","url":"https:\/\/kletterstein.com\/nl\/","name":"Kletterstein","description":"Keileuk natuurlijk","publisher":{"@id":"https:\/\/kletterstein.com\/nl\/#organization"},"potentialAction":[{"@type":"SearchAction","target":{"@type":"EntryPoint","urlTemplate":"https:\/\/kletterstein.com\/nl\/?s={search_term_string}"},"query-input":{"@type":"PropertyValueSpecification","valueRequired":true,"valueName":"search_term_string"}}],"inLanguage":"fr-FR"},{"@type":"Organization","@id":"https:\/\/kletterstein.com\/nl\/#organization","name":"Kletterstein","url":"https:\/\/kletterstein.com\/nl\/","logo":{"@type":"ImageObject","inLanguage":"fr-FR","@id":"https:\/\/kletterstein.com\/nl\/#\/schema\/logo\/image\/","url":"https:\/\/i0.wp.com\/kletterstein.com\/wp-content\/uploads\/2022\/05\/KletterStein-Logo_Final.png?fit=2734%2C1226&ssl=1","contentUrl":"https:\/\/i0.wp.com\/kletterstein.com\/wp-content\/uploads\/2022\/05\/KletterStein-Logo_Final.png?fit=2734%2C1226&ssl=1","width":2734,"height":1226,"caption":"Kletterstein"},"image":{"@id":"https:\/\/kletterstein.com\/nl\/#\/schema\/logo\/image\/"},"sameAs":["https:\/\/www.instagram.com\/klimsteen_kletterstein\/"]}]}},"_links":{"self":[{"href":"https:\/\/kletterstein.com\/fr\/wp-json\/wp\/v2\/pages\/17","targetHints":{"allow":["GET"]}}],"collection":[{"href":"https:\/\/kletterstein.com\/fr\/wp-json\/wp\/v2\/pages"}],"about":[{"href":"https:\/\/kletterstein.com\/fr\/wp-json\/wp\/v2\/types\/page"}],"author":[{"embeddable":true,"href":"https:\/\/kletterstein.com\/fr\/wp-json\/wp\/v2\/users\/2"}],"replies":[{"embeddable":true,"href":"https:\/\/kletterstein.com\/fr\/wp-json\/wp\/v2\/comments?post=17"}],"version-history":[{"count":73,"href":"https:\/\/kletterstein.com\/fr\/wp-json\/wp\/v2\/pages\/17\/revisions"}],"predecessor-version":[{"id":821,"href":"https:\/\/kletterstein.com\/fr\/wp-json\/wp\/v2\/pages\/17\/revisions\/821"}],"wp:attachment":[{"href":"https:\/\/kletterstein.com\/fr\/wp-json\/wp\/v2\/media?parent=17"}],"curies":[{"name":"wp","href":"https:\/\/api.w.org\/{rel}","templated":true}]}}